{"id":100,"date":"2018-09-04T14:01:54","date_gmt":"2018-09-04T12:01:54","guid":{"rendered":"http:\/\/www.krusinsky.cz\/domains\/krusinsky.cz\/?page_id=100"},"modified":"2018-11-24T19:57:16","modified_gmt":"2018-11-24T18:57:16","slug":"zakladni-elektrotechnicke-soucastky-a-jejich-znaceni-pismeny","status":"publish","type":"page","link":"https:\/\/www.krusinsky.cz\/domains\/krusinsky.cz\/zakladni-elektrotechnicke-soucastky-a-jejich-znaceni-pismeny\/","title":{"rendered":"Z\u00e1kladn\u00ed elektrotechnick\u00e9 sou\u010d\u00e1stky"},"content":{"rendered":"<p>Na t\u00e9to str\u00e1nce je tabulka s \u00fapln\u011b nejz\u00e1kladn\u011bj\u0161\u00edmi sou\u010d\u00e1stkami, kter\u00e9 se nach\u00e1z\u00ed <a title=\"odkaz na str\u00e1nku s elektrotechnick\u00fdmi sch\u00e9maty\" href=\"https:\/\/www.krusinsky.cz\/domains\/krusinsky.cz\/absolutni-zaklady-elektroniky\/elektrotechnicka-schemata\/\">v kapitole \u010d\u00edslo 3<\/a>. A na t\u00e9to str\u00e1nce je v t\u00e9to tabulce uvedeno, jak\u00fdmi p\u00edsmeny se zna\u010d\u00ed.<\/p>\n<p>Kdy\u017e se setk\u00e1te s deskou plo\u0161n\u00fdch spoj\u016f, na kter\u00e9 jsou p\u0159ip\u00e1jeny sou\u010d\u00e1stky, tak pokud jsou tam nap\u0159. rezistory (tj. sou\u010d\u00e1stky, kter\u00e9 maj\u00ed za \u00fa\u010del kl\u00e1st el. odpor.), tak jsou ozna\u010deny R1, R2, R3, atd. Kondenz\u00e1tory jsou ozna\u010deny C1, C2, C3&#8230; A i ostatn\u00ed sou\u010d\u00e1stky maj\u00ed sv\u00e1 zna\u010den\u00ed.<\/p>\n\n<table id=\"tablepress-4\" class=\"tablepress tablepress-id-4\">\n<tbody>\n<tr class=\"row-1\">\n\t<td class=\"column-1\">Sou\u010d\u00e1stka<\/td><td class=\"column-2\">Zna\u010den\u00ed (N\u011bkdy je odvozeno od anglick\u00e9ho slova.)<\/td>\n<\/tr>\n<tr class=\"row-2\">\n\t<td class=\"column-1\">vodi\u010d<\/td><td class=\"column-2\">J (jumper)<\/td>\n<\/tr>\n<tr class=\"row-3\">\n\t<td class=\"column-1\">sp\u00edna\u010d<\/td><td class=\"column-2\">S<\/td>\n<\/tr>\n<tr class=\"row-4\">\n\t<td class=\"column-1\">\u017e\u00e1rovka<\/td><td class=\"column-2\">\u017d<\/td>\n<\/tr>\n<tr class=\"row-5\">\n\t<td class=\"column-1\">rezistor<\/td><td class=\"column-2\">R<\/td>\n<\/tr>\n<tr class=\"row-6\">\n\t<td class=\"column-1\">potenciometr<\/td><td class=\"column-2\">P<\/td>\n<\/tr>\n<tr class=\"row-7\">\n\t<td class=\"column-1\">odporov\u00fd trimr<\/td><td class=\"column-2\">T<\/td>\n<\/tr>\n<tr class=\"row-8\">\n\t<td class=\"column-1\">kondenz\u00e1tor<\/td><td class=\"column-2\">C<\/td>\n<\/tr>\n<tr class=\"row-9\">\n\t<td class=\"column-1\">c\u00edvka<\/td><td class=\"column-2\">L<\/td>\n<\/tr>\n<\/tbody>\n<\/table>\n<!-- #tablepress-4 from cache -->\n<p>K rezistor\u016fm a kondenz\u00e1tor\u016fm je t\u0159eba je\u0161t\u011b dodat, \u017ee 1 \u03a9 je p\u0159\u00edli\u0161 mal\u00e1 jednotka a rezistory maj\u00ed odpor nejen v \u03a9, ale i v\u00a0 k\u03a9, M\u03a9. A u kondenz\u00e1toru je 1 F zase p\u0159\u00edli\u0161 velk\u00e1 jednotka a kondenz\u00e1tory maj\u00ed kapacitu v \u03bcF, nF a pF.<br \/>\nNa rezistorech b\u00fdv\u00e1 napsan\u00e1 hodnota odporu a tolerance bu\u010f \u010d\u00edseln\u011b nebo pomoc\u00ed takz. barevn\u00e9ho k\u00f3du, ke kter\u00e9mu existuje tabulka. (Snad ji sem brzy vlo\u017e\u00edm)<br \/>\nU kondenz\u00e1tor\u016f tak\u00e9 existuje tolerance kopacita + n\u011bkolik % t\u00e9 hodnoty stejn\u011b jako u rezistor\u016f. Akor\u00e1t u nich nen\u00ed \u017e\u00e1dn\u00e1 d\u016fle\u017eit\u00e1 barevn\u00e1 tabulka. N\u011bjak\u00e9 barevn\u00e9 tabulky hodnot u nich existuj\u00ed, ale ty nen\u00ed t\u0159eba um\u011bt.<\/p>\n","protected":false},"excerpt":{"rendered":"<p>Na t\u00e9to str\u00e1nce je tabulka s \u00fapln\u011b nejz\u00e1kladn\u011bj\u0161\u00edmi sou\u010d\u00e1stkami, kter\u00e9 se nach\u00e1z\u00ed v kapitole \u010d\u00edslo 3. A na t\u00e9to str\u00e1nce je v t\u00e9to tabulce uvedeno, jak\u00fdmi p\u00edsmeny se zna\u010d\u00ed. Kdy\u017e se setk\u00e1te s deskou plo\u0161n\u00fdch spoj\u016f, na kter\u00e9 jsou p\u0159ip\u00e1jeny sou\u010d\u00e1stky, tak pokud jsou tam nap\u0159. rezistory (tj. sou\u010d\u00e1stky, kter\u00e9 maj\u00ed za \u00fa\u010del kl\u00e1st el. [&hellip;]<\/p>\n","protected":false},"author":2,"featured_media":0,"parent":0,"menu_order":0,"comment_status":"closed","ping_status":"closed","template":"","meta":{"_bbp_topic_count":0,"_bbp_reply_count":0,"_bbp_total_topic_count":0,"_bbp_total_reply_count":0,"_bbp_voice_count":0,"_bbp_anonymous_reply_count":0,"_bbp_topic_count_hidden":0,"_bbp_reply_count_hidden":0,"_bbp_forum_subforum_count":0,"footnotes":""},"class_list":["post-100","page","type-page","status-publish","hentry"],"_links":{"self":[{"href":"https:\/\/www.krusinsky.cz\/domains\/krusinsky.cz\/wp-json\/wp\/v2\/pages\/100","targetHints":{"allow":["GET"]}}],"collection":[{"href":"https:\/\/www.krusinsky.cz\/domains\/krusinsky.cz\/wp-json\/wp\/v2\/pages"}],"about":[{"href":"https:\/\/www.krusinsky.cz\/domains\/krusinsky.cz\/wp-json\/wp\/v2\/types\/page"}],"author":[{"embeddable":true,"href":"https:\/\/www.krusinsky.cz\/domains\/krusinsky.cz\/wp-json\/wp\/v2\/users\/2"}],"replies":[{"embeddable":true,"href":"https:\/\/www.krusinsky.cz\/domains\/krusinsky.cz\/wp-json\/wp\/v2\/comments?post=100"}],"version-history":[{"count":4,"href":"https:\/\/www.krusinsky.cz\/domains\/krusinsky.cz\/wp-json\/wp\/v2\/pages\/100\/revisions"}],"predecessor-version":[{"id":189,"href":"https:\/\/www.krusinsky.cz\/domains\/krusinsky.cz\/wp-json\/wp\/v2\/pages\/100\/revisions\/189"}],"wp:attachment":[{"href":"https:\/\/www.krusinsky.cz\/domains\/krusinsky.cz\/wp-json\/wp\/v2\/media?parent=100"}],"curies":[{"name":"wp","href":"https:\/\/api.w.org\/{rel}","templated":true}]}}