{"id":363,"date":"2018-11-10T21:42:10","date_gmt":"2018-11-10T20:42:10","guid":{"rendered":"http:\/\/www.krusinsky.cz\/domains\/krusinsky.cz\/?page_id=363"},"modified":"2023-01-24T19:43:19","modified_gmt":"2023-01-24T18:43:19","slug":"transformator","status":"publish","type":"page","link":"https:\/\/www.krusinsky.cz\/domains\/krusinsky.cz\/transformator\/","title":{"rendered":"Transform\u00e1tor"},"content":{"rendered":"<p>V elektrotechnice je \u010dasto pot\u0159eba mnohem men\u0161\u00ed nap\u011bt\u00ed ne\u017e je 220 V. Zejm\u00e9na elektronick\u00e1 za\u0159\u00edzen\u00ed b\u00fdvaj\u00ed obvykle nap\u00e1jena nap\u011bt\u00edm do 20 nebo maxim\u00e1ln\u011b do 40 V.<\/p>\n<p>Ke zmen\u0161en\u00ed st\u0159\u00eddav\u00e9ho nap\u011bt\u00ed se pou\u017e\u00edv\u00e1 <strong>transform\u00e1tor<\/strong>.<\/p>\n<p>Jak vypad\u00e1?<\/p>\n<p>P\u0159edstavte si \u010dtvercov\u00e9 j\u00e1dro.-J\u00e1dro slo\u017een\u00e9 ze 4 stejn\u00fdch kv\u00e1dr\u016f.-Jsou spojeny do \u010dtverce. Ka\u017ed\u00fd kv\u00e1dr tak tvo\u0159\u00ed 1 stranu \u010dtverce. Na protihlehl\u00fdch stran\u00e1ch jsou navle\u010deny na ka\u017ed\u00e9 1 c\u00edvka.<br \/>\nTakto jsou na spole\u010dn\u00e9m j\u00e1d\u0159e navle\u010deny 2 c\u00edvky. C\u00edvka, kter\u00e1 se p\u0159ipojuje ke zdroji st\u0159\u00eddav\u00e9ho nap\u011bt\u00ed (zpravidla el. z\u00e1suvka) se naz\u00fdv\u00e1 <strong>prim\u00e1rn\u00ed<\/strong> a c\u00edvka, ke kter\u00e9 se p\u0159ipojuje spot\u0159ebi\u010d se naz\u00fdv\u00e1 <strong>sekund\u00e1rn\u00ed<\/strong>.<img loading=\"lazy\" decoding=\"async\" class=\"alignnone size-medium wp-image-703\" src=\"http:\/\/www.krusinsky.cz\/wp-content\/uploads\/2023\/01\/transformer-300x118.png\" alt=\"\" width=\"300\" height=\"118\" srcset=\"https:\/\/www.krusinsky.cz\/wp-content\/uploads\/2023\/01\/transformer-300x118.png 300w, https:\/\/www.krusinsky.cz\/wp-content\/uploads\/2023\/01\/transformer.png 479w\" sizes=\"auto, (max-width: 300px) 100vw, 300px\" \/><a href=\"https:\/\/www.kalkulator.cz\/faq\/otazka\/460\/transformator-vypocet-kalkulacka\">Odkaz na zdroj obr\u00e1zku<\/a><\/p>\n<p>Cel\u00fd transform\u00e1tor funguje na principu elektromagnetu. Pokud byste p\u0159ipojili prim\u00e1rn\u00ed c\u00edvku ke stejnosm\u011brn\u00e9mu nap\u011bt\u00ed 230 V st\u00e1l\u00e9 velikosti, z j\u00e1dra by se stal magnet na dobu, dokavad byste prim\u00e1rn\u00ed c\u00edvku od stejnosm\u011brn\u00e9ho zdroje 230 V neodpojili. Ten by indukoval do sekund\u00e1rn\u00ed c\u00edvky na okam\u017eik nap\u011bt\u00ed. A\u017e byste prim\u00e1rn\u00ed c\u00edvku od stejnosm\u011brn\u00e9ho zdroje 230 V zase odpojili, v sekund\u00e1rn\u00ed c\u00edvce by op\u011bt vzniklo nap\u011bt\u00ed stejn\u00e9 velikosti, ov\u0161em s opa\u010dnou polaritou.<br \/>\nJeliko\u017e nap\u011bt\u00ed v el. s\u00edti b\u011bhem zlomk\u016f vte\u0159in m\u011bn\u00ed svou velikost a polaritu, tak se b\u011bhem zlomk\u016f vte\u0159in indukuje nap\u011bt\u00ed v sekund\u00e1rn\u00ed c\u00edvce. Nejprve se m\u011bn\u00ed elekt\u0159ina na magnetick\u00e9 pole a potom zase zp\u011bt. <strong>J\u00e1drem proud neproch\u00e1z\u00ed. K tomu nesm\u00ed doj\u00edt!!! C\u00edvky mus\u00ed b\u00fdt nat\u0159eny materi\u00e1lem, kter\u00fd nevede el. proud.<\/strong><\/p>\n<p><strong>Transform\u00e1tor je t\u0159eba nap\u00e1jet <span style=\"text-decoration: underline;\">st\u0159\u00eddav\u00fdm<\/span> nap\u011bt\u00edm. Kdybyste p\u0159ipojili stejnosm\u011brn\u00e9, d\u011blo by se to, co je pops\u00e1no v\u00fd\u0161e.<\/strong><\/p>\n<p><strong>Nedoporu\u010duji vyr\u00e1b\u011bt transform\u00e1tor, pokud to neum\u00edte! Mohlo by doj\u00edt ke zkratu, po\u017e\u00e1ru, \u00farazu elektrick\u00fdm proudem nebo zni\u010den\u00ed za\u0159\u00edzen\u00ed, kter\u00e9 by bylo p\u0159es transform\u00e1tor nap\u00e1jen\u00e9.<\/strong><\/p>\n<p>Jak\u00e9 nap\u011bt\u00ed bude na sekund\u00e1rn\u00ed c\u00edvce, z\u00e1vis\u00ed nejen na tom, jak\u00e9 nap\u011bt\u00ed pust\u00edte na prim\u00e1rn\u00ed c\u00edvku, ale tak\u00e9 na pom\u011bru z\u00e1vit\u016f sekund\u00e1rn\u00ed ku prim\u00e1rn\u00ed c\u00edvce.<\/p>\n<p>po\u010det z\u00e1vit\u016f se zna\u010d\u00ed n\u011bkdy N a n\u011bkdy Z<\/p>\n<p>U transform\u00e1toru plat\u00ed tzv. <strong>transforma\u010dn\u00ed pom\u011br<\/strong> (zna\u010dka <strong>p<\/strong>): U<sub>2<\/sub>\/U<sub>1<\/sub> = N<sub>2<\/sub>\/N<sub>1<\/sub> = <strong><span style=\"color: #000000;\">I<sub>1<\/sub>\/I<sub>2<\/sub><\/span><\/strong><\/p>\n<p>Co m\u00e1 v doln\u00edm indexu 1 se t\u00fdk\u00e1 prim\u00e1rn\u00ed c\u00edvky, co tam m\u00e1 2, to se t\u00fdk\u00e1 sekund\u00e1rn\u00ed c\u00edvky.<\/p>\n<p><strong>Pozor.: U proud\u016f jsou 1 a 2 obr\u00e1cen\u011b ne\u017e u nap\u011bt\u00ed a u z\u00e1vit\u016f.<\/strong><\/p>\n<p>pokud p &lt; 1, tak U<sub>2<\/sub>\u00a0&lt; U<sub>1<\/sub>.<br \/>\npokud p &gt; 1, tak U<sub>2<\/sub> &gt; U<sub>1.<\/sub><br \/>\npokud p = 1, tak U<sub>2<\/sub> = U<sub>1<\/sub> &#8230;N\u011bkoho m\u016f\u017ee napadnout, \u017ee takov\u00fdto transform\u00e1tor je k ni\u010demu&#8230;Ale nen\u00ed. N\u011bkdy se pou\u017e\u00edv\u00e1 jako odd\u011blovac\u00ed. Na v\u00fdstupu je tak\u00e9 230 V, ale 230 V je pouze mezi 2ma elektrodama tohoto transform\u00e1toru. Mezi jednou z elektrod a zem\u00ed nen\u00ed \u017e\u00e1dn\u00e9 nap\u011bt\u00ed. Tzn. Pokud se dotknete jen <strong>1 <\/strong>elektrody a stoj\u00edte na zemi, nem\u016f\u017ee se v\u00e1m nic st\u00e1t.<\/p>\n<p><strong>Transforma\u010dn\u00ed pom\u011br plat\u00ed <span style=\"text-decoration: underline;\">p\u0159esn\u011b<\/span> jen za podm\u00ednky, \u017ee je k transform\u00e1toru (k sekund\u00e1rn\u00ed c\u00edvce) p\u0159ipojena z\u00e1t\u011b\u017e. Pokud nen\u00ed p\u0159ipojena z\u00e1t\u011b\u017e, tak je na sekund\u00e1rn\u00ed c\u00edvce o n\u011bco vy\u0161\u0161\u00ed nap\u011bt\u00ed ne\u017e pokud je p\u0159ipojena a pom\u011br z\u00e1vit\u016f se nerovn\u00e1 p\u0159esn\u011b pom\u011bru nap\u011bt\u00ed a \u0159\u00edk\u00e1 se tomu transform\u00e1tor napr\u00e1zdno. <\/strong><\/p>\n<p>Zde je obr\u00e1zek jako sch\u00e9ma.: (P. S. Je tam krom\u011b voltmetru a amp\u00e9rmetru i wattmetr na m\u011b\u0159en\u00ed v\u00fdkonu.)<img loading=\"lazy\" decoding=\"async\" class=\"alignnone size-full wp-image-785\" src=\"http:\/\/www.krusinsky.cz\/wp-content\/uploads\/2023\/01\/transformator_naprazdno-3-jpg.webp\" alt=\"\" width=\"276\" height=\"182\" \/><a href=\"https:\/\/publi.cz\/books\/168\/04.html\">Odkaz na zdroj obr\u00e1zku<\/a><\/p>\n<p>P\u0159.: Transform\u00e1tor je p\u0159ipojen ke st\u0159\u00eddav\u00e9mu nap\u011bt\u00ed 220 V, prim\u00e1rn\u00ed c\u00edvka m\u00e1 1100 z\u00e1vit\u016f, kolik z\u00e1vit\u016f mus\u00ed m\u00edt sekund\u00e1rn\u00ed c\u00edvka, aby bylo na sekund\u00e1rn\u00ed c\u00edvce nap\u011bt\u00ed 20 V p\u0159i z\u00e1t\u00ed\u017een\u00e9m transform\u00e1toru?<br \/>\nU<sub>1<\/sub> = 220 V<br \/>\nU<sub>2<\/sub> = 20 V<br \/>\nN<sub>1<\/sub> = 1100<br \/>\nN<sub>2<\/sub> = ?<br \/>\n20\/220 = N<sub>2<\/sub>\/1100<br \/>\n1100\/220 = 5\u00a0\u00a0\u00a0\u00a0 N<sub>2<\/sub> = 5*20\u00a0\u00a0\u00a0 N<sub>2<\/sub> = 100<br \/>\n<span style=\"text-decoration: underline;\">Sekund\u00e1rn\u00ed c\u00edvka mus\u00ed m\u00edt 100 z\u00e1vit\u016f<\/span><\/p>\n<p>Pokud je prim\u00e1rn\u00ed c\u00edvka p\u0159ipojena ke st\u0159\u00eddav\u00e9mu nap\u011bt\u00ed a vy m\u00edsto z\u00e1t\u011b\u017ee zkratujete sekund\u00e1rn\u00ed c\u00edvku, tak se tomu \u0159\u00edk\u00e1 <strong>transform\u00e1tor nakr\u00e1tko<\/strong>. Zkrat se p\u0159etransformuje na druhou stranu a, i kdy\u017e se to v\u011bt\u0161inou v tomto p\u0159\u00edpad\u011b nest\u00e1v\u00e1, m\u016f\u017ee spadnout jisti\u010d.<br \/>\nToti\u017e N<sub>2<\/sub>\/N<sub>1<\/sub> je u jednoho transform\u00e1toru po\u0159\u00e1d stejn\u00fd, dokavad nezas\u00e1hnete do jeho konstrukce. A N<sub>2<\/sub>\/N<sub>1<\/sub> = I<sub>1<\/sub>\/I<sub>2<\/sub>.<\/p>\n<p>A pokud zkratujete sekund\u00e1rn\u00ed c\u00edvku, tak zv\u00fd\u0161\u00edte v\u00fdrazn\u011b proud, kter\u00fd te\u010de skrz n\u00ed, tzn. I<sub>2<\/sub>. A kdy\u017e je zv\u00fd\u0161en I<sub>2<\/sub>, tak, aby byl zachov\u00e1n p, mus\u00ed se zv\u00fd\u0161it i I<sub>1<\/sub>, co\u017e je proud prim\u00e1rn\u00ed c\u00edvkou. T\u00edm se za\u010dne (obvykle z elektrick\u00e9 z\u00e1suvky) odeb\u00edrat vy\u0161\u0161\u00ed proud a elektrick\u00e1 s\u00ed\u0165 je v\u00edce zat\u00ed\u017eena.<\/p>\n<p>Zde je op\u011bt obr\u00e1zek jako sch\u00e9ma.:<img loading=\"lazy\" decoding=\"async\" class=\"alignnone size-medium wp-image-714\" src=\"http:\/\/www.krusinsky.cz\/wp-content\/uploads\/2023\/01\/transformator_nakratko-300x118.png\" alt=\"\" width=\"300\" height=\"118\" srcset=\"https:\/\/www.krusinsky.cz\/wp-content\/uploads\/2023\/01\/transformator_nakratko-300x118.png 300w, https:\/\/www.krusinsky.cz\/wp-content\/uploads\/2023\/01\/transformator_nakratko.png 358w\" sizes=\"auto, (max-width: 300px) 100vw, 300px\" \/><a href=\"https:\/\/eluc.ikap.cz\/verejne\/lekce\/2000\">Odkaz na zdroj obr\u00e1zku<\/a><\/p>\n<p>&nbsp;<\/p>\n","protected":false},"excerpt":{"rendered":"<p>V elektrotechnice je \u010dasto pot\u0159eba mnohem men\u0161\u00ed nap\u011bt\u00ed ne\u017e je 220 V. Zejm\u00e9na elektronick\u00e1 za\u0159\u00edzen\u00ed b\u00fdvaj\u00ed obvykle nap\u00e1jena nap\u011bt\u00edm do 20 nebo maxim\u00e1ln\u011b do 40 V. Ke zmen\u0161en\u00ed st\u0159\u00eddav\u00e9ho nap\u011bt\u00ed se pou\u017e\u00edv\u00e1 transform\u00e1tor. Jak vypad\u00e1? P\u0159edstavte si \u010dtvercov\u00e9 j\u00e1dro.-J\u00e1dro slo\u017een\u00e9 ze 4 stejn\u00fdch kv\u00e1dr\u016f.-Jsou spojeny do \u010dtverce. Ka\u017ed\u00fd kv\u00e1dr tak tvo\u0159\u00ed 1 stranu \u010dtverce. Na [&hellip;]<\/p>\n","protected":false},"author":2,"featured_media":0,"parent":0,"menu_order":0,"comment_status":"closed","ping_status":"closed","template":"","meta":{"_bbp_topic_count":0,"_bbp_reply_count":0,"_bbp_total_topic_count":0,"_bbp_total_reply_count":0,"_bbp_voice_count":0,"_bbp_anonymous_reply_count":0,"_bbp_topic_count_hidden":0,"_bbp_reply_count_hidden":0,"_bbp_forum_subforum_count":0,"footnotes":""},"class_list":["post-363","page","type-page","status-publish","hentry"],"_links":{"self":[{"href":"https:\/\/www.krusinsky.cz\/domains\/krusinsky.cz\/wp-json\/wp\/v2\/pages\/363","targetHints":{"allow":["GET"]}}],"collection":[{"href":"https:\/\/www.krusinsky.cz\/domains\/krusinsky.cz\/wp-json\/wp\/v2\/pages"}],"about":[{"href":"https:\/\/www.krusinsky.cz\/domains\/krusinsky.cz\/wp-json\/wp\/v2\/types\/page"}],"author":[{"embeddable":true,"href":"https:\/\/www.krusinsky.cz\/domains\/krusinsky.cz\/wp-json\/wp\/v2\/users\/2"}],"replies":[{"embeddable":true,"href":"https:\/\/www.krusinsky.cz\/domains\/krusinsky.cz\/wp-json\/wp\/v2\/comments?post=363"}],"version-history":[{"count":25,"href":"https:\/\/www.krusinsky.cz\/domains\/krusinsky.cz\/wp-json\/wp\/v2\/pages\/363\/revisions"}],"predecessor-version":[{"id":786,"href":"https:\/\/www.krusinsky.cz\/domains\/krusinsky.cz\/wp-json\/wp\/v2\/pages\/363\/revisions\/786"}],"wp:attachment":[{"href":"https:\/\/www.krusinsky.cz\/domains\/krusinsky.cz\/wp-json\/wp\/v2\/media?parent=363"}],"curies":[{"name":"wp","href":"https:\/\/api.w.org\/{rel}","templated":true}]}}