{"id":390,"date":"2018-11-24T20:11:19","date_gmt":"2018-11-24T19:11:19","guid":{"rendered":"http:\/\/www.krusinsky.cz\/domains\/krusinsky.cz\/?page_id=390"},"modified":"2023-01-24T19:53:20","modified_gmt":"2023-01-24T18:53:20","slug":"stridavy-proud-prehled","status":"publish","type":"page","link":"https:\/\/www.krusinsky.cz\/domains\/krusinsky.cz\/stridavy-proud-prehled\/","title":{"rendered":"St\u0159\u00eddav\u00fd proud-p\u0159ehled"},"content":{"rendered":"<p><strong><a href=\"https:\/\/www.krusinsky.cz\/domains\/krusinsky.cz\/zaklady-vzniku-stridaveho-proudu\/\">1) Z\u00e1klady vzniku st\u0159\u00eddav\u00e9ho proudu:<\/a><\/strong><\/p>\n<p><img loading=\"lazy\" decoding=\"async\" class=\"alignnone size-medium wp-image-350\" src=\"http:\/\/www.krusinsky.cz\/wp-content\/uploads\/2018\/11\/c\u00edvka-a-voltmetr-300x206.jpg\" alt=\"\" width=\"300\" height=\"206\" srcset=\"https:\/\/www.krusinsky.cz\/wp-content\/uploads\/2018\/11\/c\u00edvka-a-voltmetr-300x206.jpg 300w, https:\/\/www.krusinsky.cz\/wp-content\/uploads\/2018\/11\/c\u00edvka-a-voltmetr.jpg 422w\" sizes=\"auto, (max-width: 300px) 100vw, 300px\" \/><\/p>\n<p><img loading=\"lazy\" decoding=\"async\" class=\"alignnone size-medium wp-image-352\" src=\"http:\/\/www.krusinsky.cz\/wp-content\/uploads\/2018\/11\/gener\u00e1tor-300x225.jpg\" alt=\"\" width=\"300\" height=\"225\" srcset=\"https:\/\/www.krusinsky.cz\/wp-content\/uploads\/2018\/11\/gener\u00e1tor-300x225.jpg 300w, https:\/\/www.krusinsky.cz\/wp-content\/uploads\/2018\/11\/gener\u00e1tor-768x576.jpg 768w, https:\/\/www.krusinsky.cz\/wp-content\/uploads\/2018\/11\/gener\u00e1tor.jpg 960w\" sizes=\"auto, (max-width: 300px) 100vw, 300px\" \/><\/p>\n<p><a href=\"https:\/\/slideplayer.cz\/slide\/11319229\/\">Odkaz na zdroj obr\u00e1zku v\u00fd\u0161e<\/a><\/p>\n<p><img loading=\"lazy\" decoding=\"async\" class=\"alignnone size-medium wp-image-357\" src=\"http:\/\/www.krusinsky.cz\/wp-content\/uploads\/2018\/11\/sinus-300x292.jpg\" alt=\"\" width=\"300\" height=\"292\" srcset=\"https:\/\/www.krusinsky.cz\/wp-content\/uploads\/2018\/11\/sinus-300x292.jpg 300w, https:\/\/www.krusinsky.cz\/wp-content\/uploads\/2018\/11\/sinus-768x746.jpg 768w, https:\/\/www.krusinsky.cz\/wp-content\/uploads\/2018\/11\/sinus.jpg 848w\" sizes=\"auto, (max-width: 300px) 100vw, 300px\" \/><\/p>\n<p><a href=\"https:\/\/www.google.cz\/search?q=st%C5%99%C3%ADdav%C3%BD+proud+graf&amp;source=lnms&amp;tbm=isch&amp;sa=X&amp;ved=0ahUKEwimjd6Xt8reAhUPiKYKHZRMAucQ_AUIDigB&amp;biw=1366&amp;bih=626\">Odkaz na zdroj obr\u00e1zku v\u00fd\u0161e<\/a><\/p>\n<p><strong><a href=\"https:\/\/www.krusinsky.cz\/domains\/krusinsky.cz\/zakladni-pojmy-a-4-hodnoty-stridaveho-proudu\/\"><span style=\"text-decoration: underline;\">2)<\/span><span style=\"text-decoration: underline;\"> Z\u00e1<\/span>kladn\u00ed pojmy a 4 hodnoty st\u0159\u00eddav\u00e9ho proudu:<\/a><\/strong><\/p>\n<p><img loading=\"lazy\" decoding=\"async\" class=\"alignnone size-full wp-image-700\" src=\"http:\/\/www.krusinsky.cz\/wp-content\/uploads\/2023\/01\/hodnoty-napeti.png\" alt=\"\" width=\"300\" height=\"186\" \/><\/p>\n<p><a href=\"https:\/\/cs.wikibooks.org\/wiki\/Praktick%C3%A1_elektronika\/St%C5%99%C3%ADdav%C3%BD_proud\">Odkaz na zdroj obr\u00e1zku v\u00fd\u0161e<\/a><\/p>\n<p><a href=\"https:\/\/www.krusinsky.cz\/domains\/krusinsky.cz\/transformator\/\"><strong>3) Transform\u00e1tor:<\/strong><\/a><\/p>\n<p><a href=\"https:\/\/www.google.cz\/search?q=transform%C3%A1tor+nakr%C3%A1tko+schematick%C3%A1+zna%C4%8Dka&amp;tbm=isch&amp;ved=2ahUKEwjk5__sqN78AhXYnycCHXtUDa4Q2-cCegQIABAA&amp;oq=transform%C3%A1tor+nakr%C3%A1tko+schematick%C3%A1+zna%C4%8Dka&amp;gs_lcp=CgNpbWcQAzoECCMQJ1CnCVjfHWDgImgAcAB4AIABsAGIAfoFkgEDOS4xmAEAoAEBqgELZ3dzLXdpei1pbWfAAQE&amp;sclient=img&amp;ei=l9HOY6TAJti_nsEP-6i18Ao&amp;bih=739&amp;biw=1519&amp;hl=en#imgrc=8NHDe30KiM3HbM\"><img loading=\"lazy\" decoding=\"async\" class=\"alignnone size-medium wp-image-703\" src=\"http:\/\/www.krusinsky.cz\/wp-content\/uploads\/2023\/01\/transformer-300x118.png\" alt=\"\" width=\"300\" height=\"118\" srcset=\"https:\/\/www.krusinsky.cz\/wp-content\/uploads\/2023\/01\/transformer-300x118.png 300w, https:\/\/www.krusinsky.cz\/wp-content\/uploads\/2023\/01\/transformer.png 479w\" sizes=\"auto, (max-width: 300px) 100vw, 300px\" \/><\/a><\/p>\n<p><a href=\"https:\/\/www.kalkulator.cz\/faq\/otazka\/460\/transformator-vypocet-kalkulacka\">Odkaz na zdroj obr\u00e1zku v\u00fd\u0161e<\/a><\/p>\n<p><a href=\"https:\/\/www.google.cz\/search?q=transform%C3%A1tor+nakr%C3%A1tko+schematick%C3%A1+zna%C4%8Dka&amp;tbm=isch&amp;ved=2ahUKEwjk5__sqN78AhXYnycCHXtUDa4Q2-cCegQIABAA&amp;oq=transform%C3%A1tor+nakr%C3%A1tko+schematick%C3%A1+zna%C4%8Dka&amp;gs_lcp=CgNpbWcQAzoECCMQJ1CnCVjfHWDgImgAcAB4AIABsAGIAfoFkgEDOS4xmAEAoAEBqgELZ3dzLXdpei1pbWfAAQE&amp;sclient=img&amp;ei=l9HOY6TAJti_nsEP-6i18Ao&amp;bih=739&amp;biw=1519&amp;hl=en#imgrc=8NHDe30KiM3HbM\"><img loading=\"lazy\" decoding=\"async\" class=\"alignnone size-full wp-image-779\" src=\"http:\/\/www.krusinsky.cz\/wp-content\/uploads\/2023\/01\/transformator_naprazdno-2-jpg.webp\" alt=\"\" width=\"276\" height=\"182\" \/><\/a><\/p>\n<p><a href=\"https:\/\/www.maturitka.cz\/es-ustni-3.php\">Odkaz na zdroj obr\u00e1zku v\u00fd\u0161e<\/a><\/p>\n<p><a href=\"https:\/\/www.google.cz\/search?q=transform%C3%A1tor+nakr%C3%A1tko+schematick%C3%A1+zna%C4%8Dka&amp;tbm=isch&amp;ved=2ahUKEwjk5__sqN78AhXYnycCHXtUDa4Q2-cCegQIABAA&amp;oq=transform%C3%A1tor+nakr%C3%A1tko+schematick%C3%A1+zna%C4%8Dka&amp;gs_lcp=CgNpbWcQAzoECCMQJ1CnCVjfHWDgImgAcAB4AIABsAGIAfoFkgEDOS4xmAEAoAEBqgELZ3dzLXdpei1pbWfAAQE&amp;sclient=img&amp;ei=l9HOY6TAJti_nsEP-6i18Ao&amp;bih=739&amp;biw=1519&amp;hl=en#imgrc=8NHDe30KiM3HbM\"><img loading=\"lazy\" decoding=\"async\" class=\"alignnone size-medium wp-image-714\" src=\"http:\/\/www.krusinsky.cz\/wp-content\/uploads\/2023\/01\/transformator_nakratko-300x118.png\" alt=\"\" width=\"300\" height=\"118\" srcset=\"https:\/\/www.krusinsky.cz\/wp-content\/uploads\/2023\/01\/transformator_nakratko-300x118.png 300w, https:\/\/www.krusinsky.cz\/wp-content\/uploads\/2023\/01\/transformator_nakratko.png 358w\" sizes=\"auto, (max-width: 300px) 100vw, 300px\" \/><\/a><\/p>\n<p><a href=\"https:\/\/eluc.ikap.cz\/verejne\/lekce\/2000\">Odkaz na zdroj obr\u00e1zku v\u00fd\u0161e<\/a><\/p>\n<p>&nbsp;<\/p>\n","protected":false},"excerpt":{"rendered":"<p>1) Z\u00e1klady vzniku st\u0159\u00eddav\u00e9ho proudu: Odkaz na zdroj obr\u00e1zku v\u00fd\u0161e Odkaz na zdroj obr\u00e1zku v\u00fd\u0161e 2) Z\u00e1kladn\u00ed pojmy a 4 hodnoty st\u0159\u00eddav\u00e9ho proudu: Odkaz na zdroj obr\u00e1zku v\u00fd\u0161e 3) Transform\u00e1tor: Odkaz na zdroj obr\u00e1zku v\u00fd\u0161e Odkaz na zdroj obr\u00e1zku v\u00fd\u0161e Odkaz na zdroj obr\u00e1zku v\u00fd\u0161e &nbsp;<\/p>\n","protected":false},"author":2,"featured_media":0,"parent":0,"menu_order":0,"comment_status":"closed","ping_status":"closed","template":"","meta":{"_bbp_topic_count":0,"_bbp_reply_count":0,"_bbp_total_topic_count":0,"_bbp_total_reply_count":0,"_bbp_voice_count":0,"_bbp_anonymous_reply_count":0,"_bbp_topic_count_hidden":0,"_bbp_reply_count_hidden":0,"_bbp_forum_subforum_count":0,"footnotes":""},"class_list":["post-390","page","type-page","status-publish","hentry"],"_links":{"self":[{"href":"https:\/\/www.krusinsky.cz\/domains\/krusinsky.cz\/wp-json\/wp\/v2\/pages\/390","targetHints":{"allow":["GET"]}}],"collection":[{"href":"https:\/\/www.krusinsky.cz\/domains\/krusinsky.cz\/wp-json\/wp\/v2\/pages"}],"about":[{"href":"https:\/\/www.krusinsky.cz\/domains\/krusinsky.cz\/wp-json\/wp\/v2\/types\/page"}],"author":[{"embeddable":true,"href":"https:\/\/www.krusinsky.cz\/domains\/krusinsky.cz\/wp-json\/wp\/v2\/users\/2"}],"replies":[{"embeddable":true,"href":"https:\/\/www.krusinsky.cz\/domains\/krusinsky.cz\/wp-json\/wp\/v2\/comments?post=390"}],"version-history":[{"count":17,"href":"https:\/\/www.krusinsky.cz\/domains\/krusinsky.cz\/wp-json\/wp\/v2\/pages\/390\/revisions"}],"predecessor-version":[{"id":783,"href":"https:\/\/www.krusinsky.cz\/domains\/krusinsky.cz\/wp-json\/wp\/v2\/pages\/390\/revisions\/783"}],"wp:attachment":[{"href":"https:\/\/www.krusinsky.cz\/domains\/krusinsky.cz\/wp-json\/wp\/v2\/media?parent=390"}],"curies":[{"name":"wp","href":"https:\/\/api.w.org\/{rel}","templated":true}]}}