{"id":556,"date":"2019-05-21T14:08:19","date_gmt":"2019-05-21T12:08:19","guid":{"rendered":"http:\/\/www.krusinsky.cz\/domains\/krusinsky.cz\/?page_id=556"},"modified":"2026-02-22T17:52:18","modified_gmt":"2026-02-22T16:52:18","slug":"projekty-naprogramovane-v-php","status":"publish","type":"page","link":"https:\/\/www.krusinsky.cz\/domains\/krusinsky.cz\/projekty-naprogramovane-v-php\/","title":{"rendered":"PHP projekty"},"content":{"rendered":"<p><a href=\"https:\/\/www.krusinsky.cz\/electronickit\/electrocomponents-first\"><strong>ELECTRONICKIT<\/strong><\/a>-My own project in PHP framework Nette. The project was partly based on the Nette Framework for Advanced Course (Skillmea) <a href=\"https:\/\/skillmea.cz\/student\/online-kurzy\/nette-framework-pro-pokrocile\/\">https:\/\/skillmea.cz\/student\/online-kurzy\/nette-framework-pro-pokrocile\/<\/a>\u00a0<em>The source codes are <\/em><strong><a href=\"https:\/\/bitbucket.org\/krusinsky2\/electronickit\/src\/master\/\"><em>here<\/em><\/a>.<\/strong><\/p>\r\n<p><a href=\"https:\/\/www.krusinsky.cz\/pristrojeasoucastky\/\"><strong><span style=\"text-decoration: underline;\">P\u0158\u00cdSTROJE A SOU\u010c\u00c1STKY<\/span><\/strong><\/a>-My own project in PHP framework Symfony. Programming for learning this technology<em>. The source codes are <strong><a href=\"https:\/\/bitbucket.org\/krusinsky2\/pristrojeasoucastky\/src\/master\/\">here<\/a>.<\/strong> The content may be changed during the time.<\/em><\/p>\r\n<p><a href=\"https:\/\/www.krusinsky.cz\/elektrorezervace\/\"><strong>ELEKTROREZERVACE<\/strong><\/a>-Project in PHP framework Symfony according to <em><a href=\"https:\/\/www.itnetwork.cz\/php\/symfony\/rezervacni-system\">https:\/\/www.itnetwork.cz\/php\/symfony\/rezervacni-system<\/a>. The source codes are <a href=\"https:\/\/bitbucket.org\/krusinsky2\/elektrorezervace\/src\/master\/\"><strong>here<\/strong><\/a>. The content may be changed during the time.<\/em><\/p>\r\n<p><a href=\"https:\/\/www.krusinsky.cz\/elektromvc\"><strong>ELEKTROMVC<\/strong><\/a>-Project according to <a href=\"https:\/\/www.itnetwork.cz\/php\/mvc\"><em>https:\/\/www.itnetwork.cz\/php\/mvc<\/em><\/a><\/p>\r\n\r\n\r\n\r\n\r\n\r\n\r\n\r\n\r\n","protected":false},"excerpt":{"rendered":"<p>ELECTRONICKIT-My own project in PHP framework Nette. The project was partly based on the Nette Framework for Advanced Course (Skillmea) https:\/\/skillmea.cz\/student\/online-kurzy\/nette-framework-pro-pokrocile\/\u00a0The source codes are here. P\u0158\u00cdSTROJE A SOU\u010c\u00c1STKY-My own project in PHP framework Symfony. Programming for learning this technology. The source codes are here. The content may be changed during the time. ELEKTROREZERVACE-Project in PHP [&hellip;]<\/p>\n","protected":false},"author":2,"featured_media":0,"parent":0,"menu_order":0,"comment_status":"open","ping_status":"closed","template":"","meta":{"_bbp_topic_count":0,"_bbp_reply_count":0,"_bbp_total_topic_count":0,"_bbp_total_reply_count":0,"_bbp_voice_count":0,"_bbp_anonymous_reply_count":0,"_bbp_topic_count_hidden":0,"_bbp_reply_count_hidden":0,"_bbp_forum_subforum_count":0,"footnotes":""},"class_list":["post-556","page","type-page","status-publish","hentry"],"_links":{"self":[{"href":"https:\/\/www.krusinsky.cz\/domains\/krusinsky.cz\/wp-json\/wp\/v2\/pages\/556","targetHints":{"allow":["GET"]}}],"collection":[{"href":"https:\/\/www.krusinsky.cz\/domains\/krusinsky.cz\/wp-json\/wp\/v2\/pages"}],"about":[{"href":"https:\/\/www.krusinsky.cz\/domains\/krusinsky.cz\/wp-json\/wp\/v2\/types\/page"}],"author":[{"embeddable":true,"href":"https:\/\/www.krusinsky.cz\/domains\/krusinsky.cz\/wp-json\/wp\/v2\/users\/2"}],"replies":[{"embeddable":true,"href":"https:\/\/www.krusinsky.cz\/domains\/krusinsky.cz\/wp-json\/wp\/v2\/comments?post=556"}],"version-history":[{"count":71,"href":"https:\/\/www.krusinsky.cz\/domains\/krusinsky.cz\/wp-json\/wp\/v2\/pages\/556\/revisions"}],"predecessor-version":[{"id":870,"href":"https:\/\/www.krusinsky.cz\/domains\/krusinsky.cz\/wp-json\/wp\/v2\/pages\/556\/revisions\/870"}],"wp:attachment":[{"href":"https:\/\/www.krusinsky.cz\/domains\/krusinsky.cz\/wp-json\/wp\/v2\/media?parent=556"}],"curies":[{"name":"wp","href":"https:\/\/api.w.org\/{rel}","templated":true}]}}