{"id":63,"date":"2018-09-03T19:30:27","date_gmt":"2018-09-03T17:30:27","guid":{"rendered":"http:\/\/www.krusinsky.cz\/domains\/krusinsky.cz\/?page_id=63"},"modified":"2023-01-24T18:53:18","modified_gmt":"2023-01-24T17:53:18","slug":"zakladni-fyzikalni-elektricke-veliciny-a-jejich-mereni","status":"publish","type":"page","link":"https:\/\/www.krusinsky.cz\/domains\/krusinsky.cz\/absolutni-zaklady-elektroniky\/zakladni-fyzikalni-elektricke-veliciny-a-jejich-mereni\/","title":{"rendered":"Z\u00e1kladn\u00ed fyzik\u00e1ln\u00ed elektrick\u00e9 veli\u010diny a jejich m\u011b\u0159en\u00ed"},"content":{"rendered":"<div><strong>Ve fyzice existuje mnoho veli\u010din.<\/strong><\/div>\n<div>Pro <strong>elektrotechniku<\/strong> v\u0161ak plat\u00ed jen n\u011bkter\u00e9 z nich.<\/div>\n<div>Pro <strong>elektroniku<\/strong> jich plat\u00ed je\u0161t\u011b m\u00e9n\u011b.<\/div>\n<div><\/div>\n<div>Ty \u00fapln\u011b nejz\u00e1kladn\u011bj\u0161\u00ed jsou veli\u010diny Ohmova [\u00f3mova] z\u00e1kona.<\/div>\n<div>\n<p>A to jsou tyto: (Zde je jejich tabulka.)<\/p>\n<\/div>\n<div>\n\n<table id=\"tablepress-1\" class=\"tablepress tablepress-id-1\">\n<tbody>\n<tr class=\"row-1\">\n\t<td class=\"column-1\">Veli\u010dina<\/td><td class=\"column-2\">Zna\u010dka<\/td><td class=\"column-3\">Jednotka<\/td><td class=\"column-4\">Zna\u010dka jednotky<\/td><td class=\"column-5\">Pozn\u00e1mka<\/td><td class=\"column-6\">Vzorec pro v\u00fdpo\u010det<\/td>\n<\/tr>\n<tr class=\"row-2\">\n\t<td class=\"column-1\">Elektrick\u00fd proud<\/td><td class=\"column-2\">I<\/td><td class=\"column-3\">Amp\u00e9r<\/td><td class=\"column-4\">A<\/td><td class=\"column-5\">Elektrony jdou od - k +. Abstraktn\u011b jde proud od + k -.<\/td><td class=\"column-6\">I=U\/R<\/td>\n<\/tr>\n<tr class=\"row-3\">\n\t<td class=\"column-1\">Elektrick\u00e9 nap\u011bt\u00ed<\/td><td class=\"column-2\">U<\/td><td class=\"column-3\">Volt<\/td><td class=\"column-4\">V<\/td><td class=\"column-5\">Rozd\u00edl elektrick\u00fdch n\u00e1boj\u016f mezi dv\u011bma m\u00edsty el. pole<\/td><td class=\"column-6\">U=R.I<\/td>\n<\/tr>\n<tr class=\"row-4\">\n\t<td class=\"column-1\">Elektrick\u00fd odpor<\/td><td class=\"column-2\">R<\/td><td class=\"column-3\">Ohm [\u00f3m]<\/td><td class=\"column-4\">\u03a9<\/td><td class=\"column-5\"><\/td><td class=\"column-6\">R=U\/I<\/td>\n<\/tr>\n<\/tbody>\n<\/table>\n\n<p>Pojmy <strong>Elektrick\u00fd proud<\/strong> a <strong>elektrick\u00e9 nap\u011bt\u00ed<\/strong> se nesm\u00ed zam\u011b\u0148ovat! Byl by to dost z\u00e1va\u017en\u00fd omyl!!!<\/p>\n<p>Je t\u0159eba um\u011bt z\u00e1kladn\u00ed matematick\u00e9 v\u00fdpo\u010dty. Kdy\u017e zn\u00e1te n\u011bkter\u00e9 2 z t\u011bchto 3 fyzik\u00e1ln\u00edch veli\u010din, tak se ta t\u0159et\u00ed d\u00e1 dopo\u010d\u00edtat pomoc\u00ed vzore\u010dku, kter\u00fd je u p\u0159\u00edslu\u0161n\u00e9 veli\u010diny napsan\u00fd v posledn\u00edm sloupci.<\/p>\n<div>Tak\u00e9 se daj\u00ed n\u011bkter\u00e9 z t\u011bchto 3 veli\u010din spo\u010d\u00edtat i jinak. T\u0159eba U=P\/I<\/div>\n<div>P=Elektrick\u00fd v\u00fdkon <a title=\"odkaz na str\u00e1nku s dal\u0161\u00edmi veli\u010dinami\" href=\"https:\/\/www.krusinsky.cz\/domains\/krusinsky.cz\/absolutni-zaklady-elektroniky\/dalsi-fyzikalni-dulezite-elektricke-veliciny\/\">(viz kapitola 6)<\/a><\/div>\n<\/div>\n<p>O tom ale a\u017e pozd\u011bji.<\/p>\n<p>V\u0161echny tyto veli\u010diny se daj\u00ed m\u011b\u0159it. D\u0159\u00edve na to existovaly ru\u010dkov\u00e9 p\u0159\u00edstroje.<\/p>\n<p>Ru\u010dkov\u00e9 m\u011b\u0159ic\u00ed p\u0159\u00edstroje se ale dnes u\u017e pou\u017e\u00edvaj\u00ed jen jako m\u011b\u0159ic\u00ed sou\u010d\u00e1st zdroje el. nap\u011bt\u00ed, kter\u00fd se zapoj\u00ed do s\u00edt\u011b a dod\u00e1v\u00e1 men\u0161\u00ed a n\u011bkdy i <a href=\"https:\/\/www.krusinsky.cz\/domains\/krusinsky.cz\/zaklady-vzniku-stridaveho-proudu\/\">stejnosm\u011brn\u00e9<\/a> nap\u011bt\u00ed.<\/p>\n<p><a href=\"https:\/\/www.krusinsky.cz\/domains\/krusinsky.cz\/zaklady-vzniku-stridaveho-proudu\/\">Pozn.: Rozd\u00edl mezi stejnosm\u011brn\u00fdm a st\u0159\u00eddav\u00fdm nap\u011bt\u00edm bude vysv\u011btlen v kapitole 12.<\/a><\/p>\n<p>Dnes se b\u011b\u017en\u011b pou\u017e\u00edvaj\u00ed digit\u00e1ln\u00ed m\u011b\u0159idla jako je toto:<\/p>\n<p><img loading=\"lazy\" decoding=\"async\" class=\"alignnone size-medium wp-image-65\" src=\"https:\/\/www.krusinsky.cz\/domains\/krusinsky.cz\/wp-content\/uploads\/2018\/09\/multimetr-300x225.jpg\" alt=\"\" width=\"300\" height=\"225\" srcset=\"https:\/\/www.krusinsky.cz\/wp-content\/uploads\/2018\/09\/multimetr-300x225.jpg 300w, https:\/\/www.krusinsky.cz\/wp-content\/uploads\/2018\/09\/multimetr-768x576.jpg 768w, https:\/\/www.krusinsky.cz\/wp-content\/uploads\/2018\/09\/multimetr-1024x768.jpg 1024w, https:\/\/www.krusinsky.cz\/wp-content\/uploads\/2018\/09\/multimetr.jpg 1280w\" sizes=\"auto, (max-width: 300px) 100vw, 300px\" \/><\/p>\n<div>Takov\u00e1 m\u011b\u0159idla b\u00fdvaj\u00ed nap\u00e1jena elektrick\u00fdmi \u010dl\u00e1nky a \u010dasto b\u00fdvaj\u00ed tzv. multimetry v jednom. Tzn.-Daj\u00ed se na nich p\u0159ep\u00ednat, zda chtete m\u011b\u0159it nap\u011bt\u00ed (<a href=\"https:\/\/www.krusinsky.cz\/domains\/krusinsky.cz\/zaklady-vzniku-stridaveho-proudu\/\">stejnosm\u011brn\u00e9 nebo st\u0159\u00eddav\u00e9<\/a>), proud (<a href=\"https:\/\/www.krusinsky.cz\/domains\/krusinsky.cz\/zaklady-vzniku-stridaveho-proudu\/\">stejnosm\u011brn\u00fd nebo st\u0159\u00eddav\u00fd<\/a>), odpor nebo je\u0161t\u011b n\u011bco dal\u0161\u00edho.<\/div>\n<p>&nbsp;<\/p>\n<p>K n\u011bmu se p\u0159ipojuj\u00ed m\u011b\u0159\u00edc\u00ed \u0161\u0148\u016fry.:<\/p>\n<p><img loading=\"lazy\" decoding=\"async\" class=\"alignnone size-medium wp-image-66\" src=\"https:\/\/www.krusinsky.cz\/domains\/krusinsky.cz\/wp-content\/uploads\/2018\/09\/m\u011b\u0159ic\u00ed-\u0161\u0148\u016fry-300x225.jpg\" alt=\"\" width=\"300\" height=\"225\" srcset=\"https:\/\/www.krusinsky.cz\/wp-content\/uploads\/2018\/09\/m\u011b\u0159ic\u00ed-\u0161\u0148\u016fry-300x225.jpg 300w, https:\/\/www.krusinsky.cz\/wp-content\/uploads\/2018\/09\/m\u011b\u0159ic\u00ed-\u0161\u0148\u016fry-768x576.jpg 768w, https:\/\/www.krusinsky.cz\/wp-content\/uploads\/2018\/09\/m\u011b\u0159ic\u00ed-\u0161\u0148\u016fry-1024x768.jpg 1024w, https:\/\/www.krusinsky.cz\/wp-content\/uploads\/2018\/09\/m\u011b\u0159ic\u00ed-\u0161\u0148\u016fry.jpg 1280w\" sizes=\"auto, (max-width: 300px) 100vw, 300px\" \/><\/p>\n<p>&nbsp;<\/p>\n<p>A na kovov\u00e9 konce t\u011bchto m\u011b\u0159\u00edc\u00edch \u0161\u0148\u016fr se daj\u00ed nasadit takov\u00e9to krokosvorky (Ty m\u016f\u017eete p\u0159ichytit nap\u0159. na odizolovan\u00e9 konce vodi\u010d\u016f, kde n\u011bco m\u011b\u0159\u00edte.)<\/p>\n<p><img loading=\"lazy\" decoding=\"async\" class=\"alignnone size-medium wp-image-68\" src=\"https:\/\/www.krusinsky.cz\/domains\/krusinsky.cz\/wp-content\/uploads\/2018\/09\/krokosvorky-300x225.jpg\" alt=\"\" width=\"300\" height=\"225\" srcset=\"https:\/\/www.krusinsky.cz\/wp-content\/uploads\/2018\/09\/krokosvorky-300x225.jpg 300w, https:\/\/www.krusinsky.cz\/wp-content\/uploads\/2018\/09\/krokosvorky-768x576.jpg 768w, https:\/\/www.krusinsky.cz\/wp-content\/uploads\/2018\/09\/krokosvorky-1024x768.jpg 1024w, https:\/\/www.krusinsky.cz\/wp-content\/uploads\/2018\/09\/krokosvorky.jpg 1280w\" sizes=\"auto, (max-width: 300px) 100vw, 300px\" \/><\/p>\n<h2>Op\u011bt plat\u00ed v\u0161ude normy, \u017ee kladn\u00fd p\u00f3l je \u010derven\u00e1 barva a z\u00e1porn\u00fd \u010dern\u00e1.<\/h2>\n<ol>\n<li>P\u0159i m\u011b\u0159en\u00ed proudu se amp\u00e9rmetr zapojuje do obvodu nebo do \u010d\u00e1sti obvodu, ve kter\u00e9 se m\u011b\u0159\u00ed proud. Nap\u0159. takto.:<br \/>\n<img loading=\"lazy\" decoding=\"async\" class=\"alignnone size-medium wp-image-69\" src=\"https:\/\/www.krusinsky.cz\/domains\/krusinsky.cz\/wp-content\/uploads\/2018\/09\/baterie-a-\u017e\u00e1rovka-a-amp\u00e9rmetr-300x203.jpg\" alt=\"\" width=\"300\" height=\"203\" srcset=\"https:\/\/www.krusinsky.cz\/wp-content\/uploads\/2018\/09\/baterie-a-\u017e\u00e1rovka-a-amp\u00e9rmetr-300x203.jpg 300w, https:\/\/www.krusinsky.cz\/wp-content\/uploads\/2018\/09\/baterie-a-\u017e\u00e1rovka-a-amp\u00e9rmetr.jpg 476w\" sizes=\"auto, (max-width: 300px) 100vw, 300px\" \/><br \/>\nAmp\u00e9rmetr mus\u00ed m\u00edt co nejmen\u0161\u00ed vnit\u0159n\u00ed odpor, aby pokud mo\u017eno V\u016eBEC nezvy\u0161oval odpor v m\u011b\u0159en\u00e9m obvod\u011b nebo m\u011b\u0159en\u00e9 \u010d\u00e1sti obvodu. Nesm\u00edte ho tedy p\u0159ipojit ani k nap\u011bt\u00ed n\u011bkolika Volt\u016f, abyste ho nezni\u010dili. Mo\u017en\u00e1 ani k nap\u011bt\u00ed 1 Volt. V\u017edy s n\u00edm mus\u00ed b\u00fdt do s\u00e9rie za\u0159azena jin\u00e1 sou\u010d\u00e1stka. Nikdy tedy nezapojujte toto!!!:<br \/>\n<img loading=\"lazy\" decoding=\"async\" class=\"alignnone size-medium wp-image-70\" src=\"https:\/\/www.krusinsky.cz\/domains\/krusinsky.cz\/wp-content\/uploads\/2018\/09\/amp\u00e9rmetr-takto-ne-300x206.jpg\" alt=\"\" width=\"300\" height=\"206\" srcset=\"https:\/\/www.krusinsky.cz\/wp-content\/uploads\/2018\/09\/amp\u00e9rmetr-takto-ne-300x206.jpg 300w, https:\/\/www.krusinsky.cz\/wp-content\/uploads\/2018\/09\/amp\u00e9rmetr-takto-ne.jpg 422w\" sizes=\"auto, (max-width: 300px) 100vw, 300px\" \/><br \/>\nTakto se nesm\u00ed amp\u00e9rmetr zapojit z toho d\u016fvodu, \u017ee m\u00e1 velmi mal\u00fd vnit\u0159n\u00ed odpor, aby nem\u011bl na obvod, pokud mo\u017eno, v\u016fbec \u017e\u00e1dn\u00fd vliv. A jeliko\u017e mus\u00ed m\u00edt pokud mo\u017eno, co nejmen\u0161\u00ed vnit\u0159n\u00ed odpor, tak se nesm\u00ed p\u0159ipojit t\u00e9m\u011b\u0159 k \u017e\u00e1dn\u00e9mu nap\u011bt\u00ed, aby se nezni\u010dil.<\/li>\n<li>U voltmetru je tomu pr\u00e1v\u011b naopak. Ten se p\u0159ipojuje sv\u00fdma m\u011b\u0159\u00edc\u00edma \u0161\u0148\u016frama k m\u00edst\u016fm, mezi kter\u00fdmi se m\u011b\u0159\u00ed el. nap\u011bt\u00ed. Nap\u0159. takto.:<br \/><img loading=\"lazy\" decoding=\"async\" class=\"alignnone size-medium wp-image-71\" src=\"https:\/\/www.krusinsky.cz\/domains\/krusinsky.cz\/wp-content\/uploads\/2018\/09\/baterie-\u017e\u00e1rovka-a-voltmetr-300x206.jpg\" alt=\"\" width=\"300\" height=\"206\" srcset=\"https:\/\/www.krusinsky.cz\/wp-content\/uploads\/2018\/09\/baterie-\u017e\u00e1rovka-a-voltmetr-300x206.jpg 300w, https:\/\/www.krusinsky.cz\/wp-content\/uploads\/2018\/09\/baterie-\u017e\u00e1rovka-a-voltmetr.jpg 503w\" sizes=\"auto, (max-width: 300px) 100vw, 300px\" \/><br \/>\nVoltmetr mus\u00ed m\u00edt zase naopak co nejv\u011bt\u0161\u00ed vnit\u0159n\u00ed odpor, aby zat\u011b\u017eoval obvod co nejm\u00e9n\u011b.<\/li>\n<li>Ohmmetr se p\u0159ipojuje m\u011b\u0159\u00edc\u00edma \u0161\u0148\u016frama k elektrod\u00e1m sou\u010d\u00e1stky, jej\u00ed\u017e el. odpor se m\u011b\u0159\u00ed.<\/li>\n<\/ol>\n<p>Kdy\u017e se kouknete na obr. 5.1, tak si v\u0161imn\u011bte, \u017ee multimetr m\u00e1 kontakty pro m\u011b\u0159ic\u00ed \u0161\u0148\u016fry ozna\u010deny + a -. Kdy\u017e p\u0159ipoj\u00edte nap\u011bt\u00ed takto nebo pust\u00edte proud od + na multimetru k &#8211; na multimetru, uk\u00e1\u017ee multimetr kladn\u00e9 nap\u011bt\u00ed nebo proud. Kdy\u017e pust\u00edte na voltmetr nap\u011bt\u00ed &#8211; na \u010dervenou elektrodu a + na \u010dernou nebo pust\u00edte proud skrze amp\u00e9rmetr od \u010dern\u00e9 elektrody ke kladn\u00e9, tak velikost bude stejn\u00e1 jako opa\u010dn\u00fdm sm\u011brem, akor\u00e1t bude multimetr ukazovat z\u00e1pornou hodnotu.<\/p>\n<p>Pomoc\u00ed Ohmova z\u00e1kona a pomoc\u00ed matematick\u00e9 troj\u010dlenky se daj\u00ed prov\u00e1d\u011bt v\u00fdpo\u010dty v el. obvodech. O tom ale a\u017e <a title=\"odkaz na str\u00e1nku s typama obvod\u016f\" href=\"https:\/\/www.krusinsky.cz\/domains\/krusinsky.cz\/absolutni-zaklady-elektroniky\/typy-elektrickych-obvodu\/\">v kapitole 7<\/a>.<\/p>\n<p>Zde je je\u0161t\u011b kr\u00e1tk\u00e1 zm\u00ednka o p\u0159edpon\u00e1ch jednotek.:<\/p>\n\n<table id=\"tablepress-3\" class=\"tablepress tablepress-id-3\">\n<tbody>\n<tr class=\"row-1\">\n\t<td class=\"column-1\">mno\u017estv\u00ed<\/td><td class=\"column-2\">p\u0159edpona<\/td><td class=\"column-3\">zna\u010dka jednotky<\/td>\n<\/tr>\n<tr class=\"row-2\">\n\t<td class=\"column-1\">1 000 000 000 000=10 na dvan\u00e1ctou<br \/>\n<\/td><td class=\"column-2\">tera<\/td><td class=\"column-3\">T<\/td>\n<\/tr>\n<tr class=\"row-3\">\n\t<td class=\"column-1\">1 000 000 000=10 na dev\u00e1tou<\/td><td class=\"column-2\">giga<\/td><td class=\"column-3\">G<\/td>\n<\/tr>\n<tr class=\"row-4\">\n\t<td class=\"column-1\">1 000 000=10 na \u0161estou<\/td><td class=\"column-2\">mega<\/td><td class=\"column-3\">M<\/td>\n<\/tr>\n<tr class=\"row-5\">\n\t<td class=\"column-1\">1 000=10 na t\u0159et\u00ed<\/td><td class=\"column-2\">kilo (V elektrotechnice se to p\u00ed\u0161e s velk\u00fdm K.)<\/td><td class=\"column-3\">K<\/td>\n<\/tr>\n<tr class=\"row-6\">\n\t<td class=\"column-1\">100=10 na druhou<\/td><td class=\"column-2\">hekto<\/td><td class=\"column-3\">h<\/td>\n<\/tr>\n<tr class=\"row-7\">\n\t<td class=\"column-1\">10=10 na prvou<\/td><td class=\"column-2\">deka<\/td><td class=\"column-3\">da<\/td>\n<\/tr>\n<tr class=\"row-8\">\n\t<td class=\"column-1\">0,1=10 na minus prvou<\/td><td class=\"column-2\">deci<\/td><td class=\"column-3\">d<\/td>\n<\/tr>\n<tr class=\"row-9\">\n\t<td class=\"column-1\">0,01=10 na minus druhou<\/td><td class=\"column-2\">centi<\/td><td class=\"column-3\">c<\/td>\n<\/tr>\n<tr class=\"row-10\">\n\t<td class=\"column-1\">0,001=10 na minus t\u0159et\u00ed<\/td><td class=\"column-2\">mili<\/td><td class=\"column-3\">m<\/td>\n<\/tr>\n<tr class=\"row-11\">\n\t<td class=\"column-1\">0,000 001=10 na minus \u0161estou<\/td><td class=\"column-2\">mikro<\/td><td class=\"column-3\">\u03bc<\/td>\n<\/tr>\n<tr class=\"row-12\">\n\t<td class=\"column-1\">0,000 000 001=10 na minus dev\u00e1tou<\/td><td class=\"column-2\">nano<\/td><td class=\"column-3\">n<\/td>\n<\/tr>\n<tr class=\"row-13\">\n\t<td class=\"column-1\">0,000 000 000 001=10 na minus dvan\u00e1ctou<\/td><td class=\"column-2\">piko<\/td><td class=\"column-3\">p<\/td>\n<\/tr>\n<\/tbody>\n<\/table>\n\n<p>Tak nap\u0159.:<br \/>\n1 KV=1000 V<br \/>\n3 mV=0,003 V<br \/>\n100A=1 hA<\/p>\n<p>V praxi se ale v elektrotechnice nesetk\u00e1v\u00e1me s jednotkami deka, hekto, deci, centi.<\/p>\n<p>A tak\u00e9 se v praxi nesetk\u00e1v\u00e1me s jednotkami tak mal\u00fdmi jako je t\u0159eba 1pV a m\u00e9n\u011b.<\/p>\n<p>A rovn\u011b\u017e se v praxi nesetk\u00e1v\u00e1me s jednotkami tak velk\u00fdmi jako je t\u0159eba 1A a v\u00edce.<\/p>\n","protected":false},"excerpt":{"rendered":"<p>Ve fyzice existuje mnoho veli\u010din. Pro elektrotechniku v\u0161ak plat\u00ed jen n\u011bkter\u00e9 z nich. Pro elektroniku jich plat\u00ed je\u0161t\u011b m\u00e9n\u011b. Ty \u00fapln\u011b nejz\u00e1kladn\u011bj\u0161\u00ed jsou veli\u010diny Ohmova [\u00f3mova] z\u00e1kona. A to jsou tyto: (Zde je jejich tabulka.) Pojmy Elektrick\u00fd proud a elektrick\u00e9 nap\u011bt\u00ed se nesm\u00ed zam\u011b\u0148ovat! Byl by to dost z\u00e1va\u017en\u00fd omyl!!! Je t\u0159eba um\u011bt z\u00e1kladn\u00ed matematick\u00e9 [&hellip;]<\/p>\n","protected":false},"author":2,"featured_media":0,"parent":13,"menu_order":0,"comment_status":"closed","ping_status":"closed","template":"","meta":{"_bbp_topic_count":0,"_bbp_reply_count":0,"_bbp_total_topic_count":0,"_bbp_total_reply_count":0,"_bbp_voice_count":0,"_bbp_anonymous_reply_count":0,"_bbp_topic_count_hidden":0,"_bbp_reply_count_hidden":0,"_bbp_forum_subforum_count":0,"footnotes":""},"class_list":["post-63","page","type-page","status-publish","hentry"],"_links":{"self":[{"href":"https:\/\/www.krusinsky.cz\/domains\/krusinsky.cz\/wp-json\/wp\/v2\/pages\/63","targetHints":{"allow":["GET"]}}],"collection":[{"href":"https:\/\/www.krusinsky.cz\/domains\/krusinsky.cz\/wp-json\/wp\/v2\/pages"}],"about":[{"href":"https:\/\/www.krusinsky.cz\/domains\/krusinsky.cz\/wp-json\/wp\/v2\/types\/page"}],"author":[{"embeddable":true,"href":"https:\/\/www.krusinsky.cz\/domains\/krusinsky.cz\/wp-json\/wp\/v2\/users\/2"}],"replies":[{"embeddable":true,"href":"https:\/\/www.krusinsky.cz\/domains\/krusinsky.cz\/wp-json\/wp\/v2\/comments?post=63"}],"version-history":[{"count":11,"href":"https:\/\/www.krusinsky.cz\/domains\/krusinsky.cz\/wp-json\/wp\/v2\/pages\/63\/revisions"}],"predecessor-version":[{"id":773,"href":"https:\/\/www.krusinsky.cz\/domains\/krusinsky.cz\/wp-json\/wp\/v2\/pages\/63\/revisions\/773"}],"up":[{"embeddable":true,"href":"https:\/\/www.krusinsky.cz\/domains\/krusinsky.cz\/wp-json\/wp\/v2\/pages\/13"}],"wp:attachment":[{"href":"https:\/\/www.krusinsky.cz\/domains\/krusinsky.cz\/wp-json\/wp\/v2\/media?parent=63"}],"curies":[{"name":"wp","href":"https:\/\/api.w.org\/{rel}","templated":true}]}}